{"id":17,"date":"2020-03-12T05:49:52","date_gmt":"2020-03-12T05:49:52","guid":{"rendered":"https:\/\/panels.rampanel.com\/unt\/?page_id=17"},"modified":"2020-06-25T07:59:55","modified_gmt":"2020-06-25T06:59:55","slug":"din-data","status":"publish","type":"page","link":"https:\/\/panels.rampanel.com\/unt\/din-data\/","title":{"rendered":"Din data"},"content":{"rendered":"\t\t<div data-elementor-type=\"wp-page\" data-elementor-id=\"17\" class=\"elementor elementor-17\">\n\t\t\t\t\t\t<section class=\"elementor-section elementor-top-section elementor-element elementor-element-fab59eb elementor-section-boxed elementor-section-height-default elementor-section-height-default\" data-id=\"fab59eb\" data-element_type=\"section\" data-e-type=\"section\" data-settings=\"{&quot;background_background&quot;:&quot;classic&quot;}\">\n\t\t\t\t\t\t\t<div class=\"elementor-background-overlay\"><\/div>\n\t\t\t\t\t\t\t<div class=\"elementor-container elementor-column-gap-default\">\n\t\t\t\t\t<div class=\"elementor-column elementor-col-100 elementor-top-column elementor-element elementor-element-5448917\" data-id=\"5448917\" data-element_type=\"column\" data-e-type=\"column\">\n\t\t\t<div class=\"elementor-widget-wrap elementor-element-populated\">\n\t\t\t\t\t\t<div class=\"elementor-element elementor-element-b9be3ef elementor-widget elementor-widget-heading\" data-id=\"b9be3ef\" data-element_type=\"widget\" data-e-type=\"widget\" data-widget_type=\"heading.default\">\n\t\t\t\t<div class=\"elementor-widget-container\">\n\t\t\t\t\t<h2 class=\"elementor-heading-title elementor-size-default\">DIN DATA<\/h2>\t\t\t\t<\/div>\n\t\t\t\t<\/div>\n\t\t\t\t<div class=\"elementor-element elementor-element-248a292 elementor-widget-divider--view-line elementor-widget elementor-widget-divider\" data-id=\"248a292\" data-element_type=\"widget\" data-e-type=\"widget\" data-widget_type=\"divider.default\">\n\t\t\t\t<div class=\"elementor-widget-container\">\n\t\t\t\t\t\t\t<div class=\"elementor-divider\">\n\t\t\t<span class=\"elementor-divider-separator\">\n\t\t\t\t\t\t<\/span>\n\t\t<\/div>\n\t\t\t\t\t\t<\/div>\n\t\t\t\t<\/div>\n\t\t\t\t\t<\/div>\n\t\t<\/div>\n\t\t\t\t\t<\/div>\n\t\t<\/section>\n\t\t\t\t<section class=\"elementor-section elementor-top-section elementor-element elementor-element-4fab275 elementor-section-boxed elementor-section-height-default elementor-section-height-default\" data-id=\"4fab275\" data-element_type=\"section\" data-e-type=\"section\" data-settings=\"{&quot;background_background&quot;:&quot;classic&quot;}\">\n\t\t\t\t\t\t<div class=\"elementor-container elementor-column-gap-default\">\n\t\t\t\t\t<div class=\"elementor-column elementor-col-100 elementor-top-column elementor-element elementor-element-836cef9\" data-id=\"836cef9\" data-element_type=\"column\" data-e-type=\"column\" data-settings=\"{&quot;background_background&quot;:&quot;classic&quot;}\">\n\t\t\t<div class=\"elementor-widget-wrap elementor-element-populated\">\n\t\t\t\t\t\t<div class=\"elementor-element elementor-element-861f46c elementor-widget elementor-widget-heading\" data-id=\"861f46c\" data-element_type=\"widget\" data-e-type=\"widget\" data-widget_type=\"heading.default\">\n\t\t\t\t<div class=\"elementor-widget-container\">\n\t\t\t\t\t<p class=\"elementor-heading-title elementor-size-default\">UNT-panelen \u00e4r en del av NTM-koncernen, ett publicistiskt f\u00f6retag med en stark lokal f\u00f6rankring och stor bredd. Mer information om oss hittar du h\u00e4r. NTM AB \u00e4r personuppgiftsanvariga f\u00f6r den data som samlas in f\u00f6r dig som panelist. Vi tar ocks\u00e5 hj\u00e4lp av f\u00f6retaget Cint som v\u00e5rt personuppgiftsbitr\u00e4de f\u00f6r den tekniska l\u00f6sningen bakom UNT-panelen. N\u00e4r du registrerar dig f\u00f6r panelen beh\u00f6ver du d\u00e4rf\u00f6r tacka ja till Cints integritetspolicy och anv\u00e4ndarvillkor. <\/p>\t\t\t\t<\/div>\n\t\t\t\t<\/div>\n\t\t\t\t\t<\/div>\n\t\t<\/div>\n\t\t\t\t\t<\/div>\n\t\t<\/section>\n\t\t\t\t<\/div>\n\t\t","protected":false},"excerpt":{"rendered":"<p>DIN DATA UNT-panelen \u00e4r en del av NTM-koncernen, ett publicistiskt f\u00f6retag med en stark lokal f\u00f6rankring och stor bredd. Mer information om oss hittar du h\u00e4r. NTM AB \u00e4r personuppgiftsanvariga f\u00f6r den data som samlas in f\u00f6r dig som panelist. Vi tar ocks\u00e5 hj\u00e4lp av f\u00f6retaget Cint som v\u00e5rt personuppgiftsbitr\u00e4de f\u00f6r den tekniska l\u00f6sningen bakom [&hellip;]<\/p>\n","protected":false},"author":24,"featured_media":0,"parent":0,"menu_order":0,"comment_status":"closed","ping_status":"closed","template":"elementor_header_footer","meta":{"footnotes":""},"class_list":["post-17","page","type-page","status-publish","hentry"],"_links":{"self":[{"href":"https:\/\/panels.rampanel.com\/unt\/wp-json\/wp\/v2\/pages\/17","targetHints":{"allow":["GET"]}}],"collection":[{"href":"https:\/\/panels.rampanel.com\/unt\/wp-json\/wp\/v2\/pages"}],"about":[{"href":"https:\/\/panels.rampanel.com\/unt\/wp-json\/wp\/v2\/types\/page"}],"author":[{"embeddable":true,"href":"https:\/\/panels.rampanel.com\/unt\/wp-json\/wp\/v2\/users\/24"}],"replies":[{"embeddable":true,"href":"https:\/\/panels.rampanel.com\/unt\/wp-json\/wp\/v2\/comments?post=17"}],"version-history":[{"count":5,"href":"https:\/\/panels.rampanel.com\/unt\/wp-json\/wp\/v2\/pages\/17\/revisions"}],"predecessor-version":[{"id":191,"href":"https:\/\/panels.rampanel.com\/unt\/wp-json\/wp\/v2\/pages\/17\/revisions\/191"}],"wp:attachment":[{"href":"https:\/\/panels.rampanel.com\/unt\/wp-json\/wp\/v2\/media?parent=17"}],"curies":[{"name":"wp","href":"https:\/\/api.w.org\/{rel}","templated":true}]}}